{"id":32,"date":"2025-03-06T18:47:17","date_gmt":"2025-03-06T18:47:17","guid":{"rendered":"https:\/\/funquarks.com\/?page_id=32"},"modified":"2026-04-08T16:46:16","modified_gmt":"2026-04-08T16:46:16","slug":"sobre-nos","status":"publish","type":"page","link":"https:\/\/funquarks.com\/en\/sobre-nos\/","title":{"rendered":"About Us"},"content":{"rendered":"<p>A Funquarks \u00e9 uma plataforma especializada em e-commerce, com foco em oferecer conte\u00fados relevantes, atualizados e estrat\u00e9gicos sobre compras online \u2014 especialmente no universo da Shein.<\/p>\n\n\n\n<p>Nosso objetivo \u00e9 ajudar voc\u00ea a aproveitar ao m\u00e1ximo suas experi\u00eancias de compra, compartilhando dicas, oportunidades, tend\u00eancias e guias pr\u00e1ticos que facilitam o acesso a produtos de moda acess\u00edveis e de qualidade. Acreditamos que comprar online pode ser simples, seguro e vantajoso quando voc\u00ea tem as informa\u00e7\u00f5es certas.<\/p>\n\n\n\n<p>Na Funquarks, acompanhamos de perto as novidades do mercado digital para trazer conte\u00fados confi\u00e1veis e \u00fateis, sempre pensando em tornar sua jornada de consumo mais inteligente e eficiente.<\/p>\n\n\n\n<p>Seja para descobrir promo\u00e7\u00f5es, entender melhor como funcionam as plataformas ou renovar seu estilo gastando menos, estamos aqui para te ajudar.<\/p>\n\n\n\n<hr class=\"wp-block-separator has-alpha-channel-opacity\"\/>\n\n\n\n<h2 class=\"wp-block-heading\">Miss\u00e3o<\/h2>\n\n\n\n<p>Oferecer conte\u00fado confi\u00e1vel e acess\u00edvel sobre e-commerce, ajudando consumidores a tomarem decis\u00f5es inteligentes e aproveitarem as melhores oportunidades \u2014 com foco especial na Shein.<\/p>\n\n\n\n<hr class=\"wp-block-separator has-alpha-channel-opacity\"\/>\n\n\n\n<h2 class=\"wp-block-heading\">Vis\u00e3o<\/h2>\n\n\n\n<p>Ser refer\u00eancia em conte\u00fado sobre compras online e moda acess\u00edvel, tornando-se um dos principais portais para quem busca economizar, se informar e consumir de forma mais estrat\u00e9gica.<\/p>\n\n\n\n<hr class=\"wp-block-separator has-alpha-channel-opacity\"\/>\n\n\n\n<h2 class=\"wp-block-heading\">Valores<\/h2>\n\n\n\n<ul class=\"wp-block-list\">\n<li><strong>Transpar\u00eancia<\/strong>: compartilhamos informa\u00e7\u00f5es claras e verdadeiras<\/li>\n\n\n\n<li><strong>Acessibilidade<\/strong>: tornamos o e-commerce mais simples para todos<\/li>\n\n\n\n<li><strong>Atualiza\u00e7\u00e3o constante<\/strong>: acompanhamos tend\u00eancias e novidades do mercado<\/li>\n\n\n\n<li><strong>Confian\u00e7a<\/strong>: priorizamos conte\u00fados \u00fateis e seguros para nossos leitores<\/li>\n\n\n\n<li><strong>Praticidade<\/strong>: facilitamos a experi\u00eancia de compra com dicas diretas e eficientes<\/li>\n<\/ul>","protected":false},"excerpt":{"rendered":"<p>A Funquarks \u00e9 uma plataforma especializada em e-commerce, com foco em oferecer conte\u00fados relevantes, atualizados e estrat\u00e9gicos sobre compras online \u2014 especialmente&#8230;<\/p>","protected":false},"author":1,"featured_media":0,"parent":0,"menu_order":0,"comment_status":"closed","ping_status":"closed","template":"","meta":{"footnotes":""},"class_list":["post-32","page","type-page","status-publish","hentry","entry"],"_links":{"self":[{"href":"https:\/\/funquarks.com\/en\/wp-json\/wp\/v2\/pages\/32","targetHints":{"allow":["GET"]}}],"collection":[{"href":"https:\/\/funquarks.com\/en\/wp-json\/wp\/v2\/pages"}],"about":[{"href":"https:\/\/funquarks.com\/en\/wp-json\/wp\/v2\/types\/page"}],"author":[{"embeddable":true,"href":"https:\/\/funquarks.com\/en\/wp-json\/wp\/v2\/users\/1"}],"replies":[{"embeddable":true,"href":"https:\/\/funquarks.com\/en\/wp-json\/wp\/v2\/comments?post=32"}],"version-history":[{"count":1,"href":"https:\/\/funquarks.com\/en\/wp-json\/wp\/v2\/pages\/32\/revisions"}],"predecessor-version":[{"id":1800,"href":"https:\/\/funquarks.com\/en\/wp-json\/wp\/v2\/pages\/32\/revisions\/1800"}],"wp:attachment":[{"href":"https:\/\/funquarks.com\/en\/wp-json\/wp\/v2\/media?parent=32"}],"curies":[{"name":"wp","href":"https:\/\/api.w.org\/{rel}","templated":true}]}}